{"id":269,"date":"2021-11-08T18:55:22","date_gmt":"2021-11-08T17:55:22","guid":{"rendered":"https:\/\/preventa.hu\/?page_id=269"},"modified":"2026-02-02T14:45:27","modified_gmt":"2026-02-02T13:45:27","slug":"ask-our-expert","status":"publish","type":"page","link":"https:\/\/preventa.hu\/en\/ask-our-expert\/","title":{"rendered":"Ask our expert"},"content":{"rendered":"\n<h2>Ask our expert<\/h2>\n\n\n<div style=\"height:40px\" aria-hidden=\"true\" class=\"wp-block-spacer has-ek-typography\"><\/div>\n\n\n<p>For personalized advice, please, contact our experts via phone or in e-mail.<\/p>\n\n\n\n<hr class=\"wp-block-separator alignfull has-text-color has-background is-style-wide\" style=\"background-color:#f7f7f7;color:#f7f7f7\"\/>\n\n\n\n<div class=\"wp-block-columns\">\n<div class=\"wp-block-column\" style=\"flex-basis:20%\">\n<div class=\"wp-block-image\"><figure class=\"alignleft size-full is-resized\"><img src=\"https:\/\/preventa.hu\/wp-content\/uploads\/2021\/10\/Dr-Debrodi-Maria.jpg\" alt=\"\" class=\"wp-image-407\" width=\"130\" height=\"173\"\/><figcaption>Dr. M\u00e1ria Debr\u0151di - medical advisor<\/figcaption><\/figure><\/div>\n<\/div>\n\n\n\n<div class=\"wp-block-column\" style=\"flex-basis:80%\">\n<p>Dr. M\u00e1ria Debr\u0151di - medical advisor<\/p>\n\n\n\n<p>Monday: 10:00\u201314:00<\/p>\n\n\n\n<p>Tel.: +36 1 365 1660<\/p>\n\n\n\n<p>E-mail: info@hyd.hu<\/p>\n\n\n\n<p>Address: Feh\u00e9rv\u00e1ri \u00fat 79., Budapest, H-1119<\/p>\n<\/div>\n<\/div>\n","protected":false},"excerpt":{"rendered":"<p>Ask our expert For personalized advice, please, contact our experts via phone or in e-mail. Dr. M\u00e1ria Debr\u0151di - medical [&hellip;]<\/p>\n","protected":false},"author":1,"featured_media":0,"parent":0,"menu_order":0,"comment_status":"closed","ping_status":"closed","template":"","meta":{"_editorskit_title_hidden":false,"_editorskit_reading_time":1,"_editorskit_typography_data":[],"_editorskit_blocks_typography":"","_editorskit_is_block_options_detached":false,"_editorskit_block_options_position":"{}","inline_featured_image":false},"acf":[],"_links":{"self":[{"href":"https:\/\/preventa.hu\/en\/wp-json\/wp\/v2\/pages\/269"}],"collection":[{"href":"https:\/\/preventa.hu\/en\/wp-json\/wp\/v2\/pages"}],"about":[{"href":"https:\/\/preventa.hu\/en\/wp-json\/wp\/v2\/types\/page"}],"author":[{"embeddable":true,"href":"https:\/\/preventa.hu\/en\/wp-json\/wp\/v2\/users\/1"}],"replies":[{"embeddable":true,"href":"https:\/\/preventa.hu\/en\/wp-json\/wp\/v2\/comments?post=269"}],"version-history":[{"count":1,"href":"https:\/\/preventa.hu\/en\/wp-json\/wp\/v2\/pages\/269\/revisions"}],"predecessor-version":[{"id":11632,"href":"https:\/\/preventa.hu\/en\/wp-json\/wp\/v2\/pages\/269\/revisions\/11632"}],"wp:attachment":[{"href":"https:\/\/preventa.hu\/en\/wp-json\/wp\/v2\/media?parent=269"}],"curies":[{"name":"wp","href":"https:\/\/api.w.org\/{rel}","templated":true}]}}