{"id":560,"date":"2021-11-30T13:27:47","date_gmt":"2021-11-30T12:27:47","guid":{"rendered":"https:\/\/preventa.hu\/?page_id=560"},"modified":"2021-11-30T13:27:49","modified_gmt":"2021-11-30T12:27:49","slug":"preventa-qualitaet","status":"publish","type":"page","link":"https:\/\/preventa.hu\/de\/uber-preventa\/preventa-qualitaet\/","title":{"rendered":"Preventa-Qualit\u00e4t"},"content":{"rendered":"\n<p class=\"has-text-align-justify\">Das international gesch\u00fctzte, deuterium-abgereicherte Trinkwasser von Preventa ist ein Premiumprodukt, dessen zuverl\u00e4ssige Qualit\u00e4t von akkreditierten Labors gepr\u00fcft und zertifiziert wird.<\/p>\n\n\n\n<p class=\"has-text-align-justify\">Der Deuteriumgehalt von Preventa-Produkten wird durch ein validiertes Messverfahren mit einem Laser-Wasser-Isotopen-Analysator, mit einer Messgenauigkeit von 1 ppm gemessen. Die mikrobiologische Reinheit vom Preventa deuterium-abgereicherten Trinkwasser wird in einem akkreditierten pharmazeutischen Labor \u00fcberpr\u00fcft. Wir registrieren die Ergebnisse der Labortests, die Qualit\u00e4tszertifikate f\u00fcr jede Produktionscharge k\u00f6nnen am Hauptsitz der HYD GmbH abgerufen und eingesehen werden.<\/p>\n\n\n\n<p class=\"has-text-align-justify\">Die Preventa deuterium-abgereicherte Trinkwasser enthalten hochwertiges, nat\u00fcrliches Mineralwasser als Zusatzwasser, und die Produktfamilie ist seit mehr als zwei Jahrzehnten Marktf\u00fchrer bei deuterium-abgereicherten Trinkwasser.<\/p>\n","protected":false},"excerpt":{"rendered":"<p>Das international gesch\u00fctzte, deuterium-abgereicherte Trinkwasser von Preventa ist ein Premiumprodukt, dessen zuverl\u00e4ssige Qualit\u00e4t von akkreditierten Labors gepr\u00fcft und zertifiziert wird. [&hellip;]<\/p>\n","protected":false},"author":1,"featured_media":0,"parent":521,"menu_order":0,"comment_status":"closed","ping_status":"closed","template":"","meta":{"_editorskit_title_hidden":false,"_editorskit_reading_time":0,"_editorskit_typography_data":[],"_editorskit_blocks_typography":"","_editorskit_is_block_options_detached":false,"_editorskit_block_options_position":"{}","inline_featured_image":false},"acf":[],"_links":{"self":[{"href":"https:\/\/preventa.hu\/de\/wp-json\/wp\/v2\/pages\/560"}],"collection":[{"href":"https:\/\/preventa.hu\/de\/wp-json\/wp\/v2\/pages"}],"about":[{"href":"https:\/\/preventa.hu\/de\/wp-json\/wp\/v2\/types\/page"}],"author":[{"embeddable":true,"href":"https:\/\/preventa.hu\/de\/wp-json\/wp\/v2\/users\/1"}],"replies":[{"embeddable":true,"href":"https:\/\/preventa.hu\/de\/wp-json\/wp\/v2\/comments?post=560"}],"version-history":[{"count":1,"href":"https:\/\/preventa.hu\/de\/wp-json\/wp\/v2\/pages\/560\/revisions"}],"predecessor-version":[{"id":561,"href":"https:\/\/preventa.hu\/de\/wp-json\/wp\/v2\/pages\/560\/revisions\/561"}],"up":[{"embeddable":true,"href":"https:\/\/preventa.hu\/de\/wp-json\/wp\/v2\/pages\/521"}],"wp:attachment":[{"href":"https:\/\/preventa.hu\/de\/wp-json\/wp\/v2\/media?parent=560"}],"curies":[{"name":"wp","href":"https:\/\/api.w.org\/{rel}","templated":true}]}}