{"id":540,"date":"2021-11-30T11:04:16","date_gmt":"2021-11-30T10:04:16","guid":{"rendered":"https:\/\/preventa.hu\/?page_id=540"},"modified":"2022-02-09T22:30:54","modified_gmt":"2022-02-09T21:30:54","slug":"uber-vetera-ddw-25","status":"publish","type":"page","link":"https:\/\/preventa.hu\/de\/uber-vetera-ddw-25\/","title":{"rendered":"\u00dcber Vetera-DDW-25"},"content":{"rendered":"\n<h2 id=\"das-tiermedizinische-antitumor-praparat-vetera-ddw-25\">Das tiermedizinische Antitumor-Pr\u00e4parat Vetera-DDW-25<\/h2>\n\n\n\n<p class=\"has-text-align-justify\">Vetera-DDW-25 A.U.V., das tiermedizinische Antitumor-Pr\u00e4parat mit vermindertem Deuteriumgehalt, wurde in Ungarn zur erg\u00e4nzenden Behandlung von tumorkranken Heimtieren 1999 (Reg. Nr.: 13\/99 FVM) zugelassen. Das Haupt-Indikationsgebiet umfasst Vor- und Nachbehandlung bei operativen Eingriffen, oder Alleinbehandlung bei nicht operierbaren Tumoren. Vetera-DDW-25 wird oral (per os) verabreicht. Die Zulassung des Pr\u00e4parats wurde 2011, als paramedizinales Mittel zur adjuvanten Behandlung bei tumorkranken Heimtieren, durch die Abteilung f\u00fcr Tiermedizinische Produkte des Landwirtschaftlichen Zentralamts erneuert (Reg. Nr.: 084\/1\/2011 MgSzH \u00c1TI).<\/p>\n\n\n\n<p class=\"has-text-align-justify\">Vetera-DDW-25 hat seine Wirksamkeit bewiesen; zusammen mit einer Operation falls der Tumor operabel war, oder auch als Alleinbehandlung. Heimtiere mit Zitzenkrebs reagieren zu mehr als 70% gut auf die Behandlung und bei \u00fcber 50% wird komplette Heilung erreicht In der Behandlung von Hunden und Katzen mit Enddarmkrebs wurde ebenfalls hervorragende Effizienz beobachtet, und bei leukosekranken Katzen liegt die Heilungsrate \u00fcber 70%.<\/p>\n\n\n\n<p class=\"has-text-align-justify\">Nach Erreichen der Symptomfreiheit ist es ratsam, vom Tumortyp abh\u00e4ngig j\u00e4hrlich oder halbj\u00e4hrlich eine 1-2 monatige Wiederholungskur zu machen. Durch Anwendung des Mittels kann die Operation entweder ganz unterbleiben, oder kann die nach Behandlung mit Vetera-DDW-25 r\u00fcckbildete Geschwulst mit h\u00f6herer Sicherheit entfernt werden. Die Behandlung hat keine sch\u00e4dlichen Nebenwirkungen, in vielen F\u00e4llen wurden Stimmung, Beweglichkeit und Fellqualit\u00e4t des Tiers erheblich gebessert.<br><br>Vetera-DDW-25 kann eine bedeutende Rolle in der Krebsvorbeugung erlangen. Langzeit-Tierversuche und praktische Anwendung haben gleicherma\u00dfen bewiesen, dass die kurartige Anwendung des Pr\u00e4parats (1,5-2 Monate j\u00e4hrlich) die Chance der Tumorentstehung minimieren kann. Bei Zuchtlinien mit genetisch vererbter Neigung zur Tumorentstehung (z. B. Zitzenkrebs) ist es ratsam, das Mittel beim Nachkommen pr\u00e4ventive zu verwenden.<\/p>\n\n\n\n<p class=\"has-text-align-justify\">Seit der Zulassung von Vetera-DDW-25 erhielt die Abteilung f\u00fcr Tiermedizinische Produkte keine Pharmakovigilanz-Meldung (unerw\u00fcnschte Reaktionen, Off-Label-Use, mit der Anwendung des Produkts einhergehende Reaktionen in Menschen, Verdacht auf Nichteintreffen der Erwarteten Wirkung).<\/p>\n\n\n\n<p>F\u00fcr weitere Informationen und Bestellung bitte\u00a0<a href=\"https:\/\/preventa.hu\/de\/produkte\/andere-produkte\/vetera-ddw-25\/\" class=\"ek-link\"><strong>hier<\/strong><\/a>\u00a0klicken.<\/p>\n","protected":false},"excerpt":{"rendered":"<p>Das tiermedizinische Antitumor-Pr\u00e4parat Vetera-DDW-25 Vetera-DDW-25 A.U.V., das tiermedizinische Antitumor-Pr\u00e4parat mit vermindertem Deuteriumgehalt, wurde in Ungarn zur erg\u00e4nzenden Behandlung von tumorkranken [&hellip;]<\/p>\n","protected":false},"author":1,"featured_media":0,"parent":0,"menu_order":0,"comment_status":"closed","ping_status":"closed","template":"","meta":{"_editorskit_title_hidden":false,"_editorskit_reading_time":0,"_editorskit_typography_data":[],"_editorskit_blocks_typography":"","_editorskit_is_block_options_detached":false,"_editorskit_block_options_position":"{}","inline_featured_image":false},"acf":[],"_links":{"self":[{"href":"https:\/\/preventa.hu\/de\/wp-json\/wp\/v2\/pages\/540"}],"collection":[{"href":"https:\/\/preventa.hu\/de\/wp-json\/wp\/v2\/pages"}],"about":[{"href":"https:\/\/preventa.hu\/de\/wp-json\/wp\/v2\/types\/page"}],"author":[{"embeddable":true,"href":"https:\/\/preventa.hu\/de\/wp-json\/wp\/v2\/users\/1"}],"replies":[{"embeddable":true,"href":"https:\/\/preventa.hu\/de\/wp-json\/wp\/v2\/comments?post=540"}],"version-history":[{"count":2,"href":"https:\/\/preventa.hu\/de\/wp-json\/wp\/v2\/pages\/540\/revisions"}],"predecessor-version":[{"id":3351,"href":"https:\/\/preventa.hu\/de\/wp-json\/wp\/v2\/pages\/540\/revisions\/3351"}],"wp:attachment":[{"href":"https:\/\/preventa.hu\/de\/wp-json\/wp\/v2\/media?parent=540"}],"curies":[{"name":"wp","href":"https:\/\/api.w.org\/{rel}","templated":true}]}}