{"id":537,"date":"2021-11-30T11:01:40","date_gmt":"2021-11-30T10:01:40","guid":{"rendered":"https:\/\/preventa.hu\/?page_id=537"},"modified":"2026-03-31T11:09:01","modified_gmt":"2026-03-31T09:09:01","slug":"unsere-vertriebspartner","status":"publish","type":"page","link":"https:\/\/preventa.hu\/de\/unsere-vertriebspartner\/","title":{"rendered":"Unsere Vertriebspartner"},"content":{"rendered":"\n<p><strong>Nature Span Group<\/strong><br>Building 4, Block A, Room 101<br>Beijing, Dongcheng district, Beijing INN<br><span style=\"text-decoration: underline;\" class=\"ek-underline\">China<\/span><br>Tel.: 00 86 18311017236<br>E-mail: international@naturespan.com<\/p>\n\n\n\n<p><strong>Nourishme Organics Pty Ltd.<\/strong><br>11\/136 Keys Road,&nbsp;<br>Cheltenham&nbsp;VIC 3192<br><span style=\"text-decoration: underline;\" class=\"ek-underline\">Australia<\/span><br>Tel.: 00 61 039555 7708<br>E-mail: hello@nourishmeorganics.com.au<\/p>\n\n\n\n<p><strong>SUNSYNERGY Co., Ltd.<\/strong><br>3F Sanno Park Tower 2-11-1, Nagatacho,<br>Chiyoda-ku Tokyo 1006162<br><span style=\"text-decoration: underline;\" class=\"ek-underline\">Japan<\/span><br>Tel.: 00 81 3 6383 3991<br>E-mail: info@hydjapan.org<\/p>\n\n\n\n<p><strong>Osmio Water<\/strong><br>Unit 2 B Beechcroft Farm Industrial Estate<br>Ash, Kent TN15 7HX<br><span style=\"text-decoration: underline;\" class=\"ek-underline\">United Kingdom<\/span><br>Tel.: 0330 113 7181<br>Tel.: +44 1474 240 245<br>E-mail: info@osmiowater.co.uk<\/p>\n\n\n\n<p><strong>Deut\u00e9rium-D2 s.r.o.<\/strong><br>Platanov\u00e1 alej 2435<br>94501<br>Kom\u00e1rno<br><span style=\"text-decoration: underline;\" class=\"ek-underline\">Slovakia<\/span><br>Tel.: +421 35 77 30 634<br>E-mail: info@deuterium.sk<\/p>\n\n\n\n<p><strong>Nieuw Water<\/strong><br>Zuider Buiten Spaarne 76b<br>2012 AB Haarlem<br><span style=\"text-decoration: underline;\" class=\"ek-underline\">The Netherlands<\/span><br>Tel.: +31(0)629 572 535<br>E-mail: winkel@nieuwwater.nl<\/p>\n\n\n\n<p><strong>NEWTRACEUTICALS B.V.<\/strong><br>GROESBEEKSEWEG 2<br>6524 DA NIJMEGEN<br><span style=\"text-decoration: underline;\" class=\"ek-underline\">The Netherlands<\/span><br>Tel: +31(0)85 303 88 55<br>E-mail: info@newtraceuticals.com<\/p>\n\n\n\n<p><strong>Vitawell Lda&nbsp;&nbsp;&nbsp;&nbsp;&nbsp;&nbsp;&nbsp;&nbsp;&nbsp;&nbsp;&nbsp;&nbsp;&nbsp;&nbsp;&nbsp;&nbsp;&nbsp;&nbsp;&nbsp;&nbsp;&nbsp;&nbsp;&nbsp;&nbsp;&nbsp;&nbsp;&nbsp;&nbsp;&nbsp;&nbsp;&nbsp;&nbsp;&nbsp;&nbsp;&nbsp;&nbsp;&nbsp;&nbsp;&nbsp;&nbsp;&nbsp;&nbsp;&nbsp;&nbsp;&nbsp;&nbsp;&nbsp;&nbsp;&nbsp;&nbsp;&nbsp;&nbsp;&nbsp;&nbsp;&nbsp;&nbsp;&nbsp;&nbsp;&nbsp;&nbsp;&nbsp;&nbsp;&nbsp;&nbsp;&nbsp;&nbsp;&nbsp;&nbsp;&nbsp;&nbsp;&nbsp;&nbsp;&nbsp;&nbsp;&nbsp;&nbsp;&nbsp;&nbsp;&nbsp;&nbsp;&nbsp;&nbsp;&nbsp;&nbsp;&nbsp;&nbsp;&nbsp;&nbsp;&nbsp;&nbsp;&nbsp;&nbsp;&nbsp;&nbsp;&nbsp;&nbsp;&nbsp;&nbsp;&nbsp;&nbsp;&nbsp;&nbsp;&nbsp;&nbsp;&nbsp;&nbsp;&nbsp;&nbsp;&nbsp;&nbsp;&nbsp;&nbsp;&nbsp;&nbsp;&nbsp;&nbsp;&nbsp;&nbsp;&nbsp;&nbsp;&nbsp;&nbsp;&nbsp;&nbsp;&nbsp;&nbsp;&nbsp;&nbsp;&nbsp;&nbsp;&nbsp;&nbsp;&nbsp;&nbsp;&nbsp;&nbsp;<\/strong><br>Rua do Mercado Municipal N35312<br>Ferreiro, Amares<br>PT 4720-086<br>Portugal<br>WhatsApp +351 932700700<br>E-mail: <a href=\"mailto:Celso@vitawell.pt\" target=\"_blank\" rel=\"noreferrer noopener\">Celso@vitawell.pt<\/a><\/p>\n\n\n\n<p><strong>Esse Vitam di Massimo Sanna<\/strong><br>Via Pietro Ratto 7A<br>Busalla (Genova) C.A.P. 16012<br>Italy<br>WhatsApp: 00 39 327 565 0959<br>E-mail: info@essevitam.it<\/p>\n\n\n\n<p><strong>Vattenresan Nordstedt &amp; Creton AB<\/strong><br>Eljar\u00f6d 4905,&nbsp;<br>273 57 Br\u00f6sarp (\u00d6sterlen)<br>Sweden<br>Phone: +46 733131472<br>E-mail:&nbsp;<a href=\"mailto:hej@vattenresan.se\" target=\"_blank\" rel=\"noreferrer noopener\">hej@vattenresan.se<\/a><\/p>\n\n\n\n<p><\/p>\n","protected":false},"excerpt":{"rendered":"<p>Nature Span GroupBuilding 4, Block A, Room 101Beijing, Dongcheng district, Beijing INNChinaTel.: 00 86 18311017236E-mail: international@naturespan.com Nourishme Organics Pty Ltd.11\/136 [&hellip;]<\/p>\n","protected":false},"author":1,"featured_media":0,"parent":0,"menu_order":0,"comment_status":"closed","ping_status":"closed","template":"","meta":{"_editorskit_title_hidden":false,"_editorskit_reading_time":1,"_editorskit_typography_data":[],"_editorskit_blocks_typography":"","_editorskit_is_block_options_detached":false,"_editorskit_block_options_position":"{}","inline_featured_image":false},"acf":[],"_links":{"self":[{"href":"https:\/\/preventa.hu\/de\/wp-json\/wp\/v2\/pages\/537"}],"collection":[{"href":"https:\/\/preventa.hu\/de\/wp-json\/wp\/v2\/pages"}],"about":[{"href":"https:\/\/preventa.hu\/de\/wp-json\/wp\/v2\/types\/page"}],"author":[{"embeddable":true,"href":"https:\/\/preventa.hu\/de\/wp-json\/wp\/v2\/users\/1"}],"replies":[{"embeddable":true,"href":"https:\/\/preventa.hu\/de\/wp-json\/wp\/v2\/comments?post=537"}],"version-history":[{"count":1,"href":"https:\/\/preventa.hu\/de\/wp-json\/wp\/v2\/pages\/537\/revisions"}],"predecessor-version":[{"id":12086,"href":"https:\/\/preventa.hu\/de\/wp-json\/wp\/v2\/pages\/537\/revisions\/12086"}],"wp:attachment":[{"href":"https:\/\/preventa.hu\/de\/wp-json\/wp\/v2\/media?parent=537"}],"curies":[{"name":"wp","href":"https:\/\/api.w.org\/{rel}","templated":true}]}}