{"id":534,"date":"2021-11-30T10:46:49","date_gmt":"2021-11-30T09:46:49","guid":{"rendered":"https:\/\/preventa.hu\/?page_id=534"},"modified":"2021-12-08T14:41:25","modified_gmt":"2021-12-08T13:41:25","slug":"preventa-fur-sportler","status":"publish","type":"page","link":"https:\/\/preventa.hu\/de\/uber-preventa\/preventa-fur-sportler\/","title":{"rendered":"Preventa f\u00fcr Sportler"},"content":{"rendered":"\n<p class=\"has-text-align-justify\">Die Wirkung des Deuteriumentzugs auf die k\u00f6rperliche Leistungsf\u0101higkeit wurde in sportmedizinischen Studien untersucht.<\/p>\n\n\n\n<p class=\"has-text-align-justify\">Die Teilnehmer der vom Nationalinstitut f\u00fcr Sportmedizin durchgef\u00fchrten Studie, Ruderer der ungarischen Nationalmannschaft tranken w\u00e4hrend der 44-t\u0101gigen Studie das Trinkwasser Preventa mit 105 ppm Deuterium-Gehalt in der behandelten Gruppe, und normales Trinkwasser in der Kontrollgruppe, und durchmachten die \u00fcblichen Ergometer-Belastungstests. Dem Ergebnis nach meisterten die Sportler, die Preventa mit 105 ppm Deuterium tranken, die Belastungstests bei besseren physiologischen Parametern als die in der normales Trinkwasser konsumierenden Kontrollgruppe, und konnten auch die bei Belastung auftretenden Stoffwechsel\u00e4nderungen besser kompensieren.<\/p>\n\n\n\n<p class=\"has-text-align-justify\">Unter Wirkung des Deuteriumentzugs trat Sauerstoffmangel im Gewebe sp\u00e4ter auf, Mobilisierung von Glukose wurde besser, und der Milchs\u00e4urespiegel stieg langsamer hoch.<br>Die Ergebnisse der Untersuchungen und die subjektiven Erfahrungen der Athleten waren im Einklang, das hei\u00dft, sie hatten nach dem Preventa-Konsum bessere Leistungsf\u00e4higkeit, wurden schneller regeneriert, und hatten mehr Durchhalteverm\u00f6gen. Preventa ist also m\u00f6glicherweise geeignet, die Leistungsf\u00e4higkeit des Organismus bei erh\u00f6hter k\u00f6rperlicher Belastung zu steigern.<\/p>\n\n\n\n<p class=\"has-text-align-justify\">Gy\u00f6re I., Somlyai G. (2005) Cs\u00f6kkentett deut\u00e9rium tartalm\u00fa iv\u00f3v\u00edz hat\u00e1sa a teljes\u00edt\u0151k\u00e9pess\u00e9gre sportol\u00f3kn\u00e1l\/Die Wirkung des deuterium-abgereicherten Trinkwassers auf die Leistungsf\u00e4higkeit bei Sportlern. Sportorvosi Szemle\/Ungarische Rundschau f\u00fcr Sportmedizin 46\/1:2\u00a07-38.<\/p>\n","protected":false},"excerpt":{"rendered":"<p>Die Wirkung des Deuteriumentzugs auf die k\u00f6rperliche Leistungsf\u0101higkeit wurde in sportmedizinischen Studien untersucht. Die Teilnehmer der vom Nationalinstitut f\u00fcr Sportmedizin [&hellip;]<\/p>\n","protected":false},"author":1,"featured_media":0,"parent":521,"menu_order":0,"comment_status":"closed","ping_status":"closed","template":"","meta":{"_editorskit_title_hidden":false,"_editorskit_reading_time":1,"_editorskit_typography_data":[],"_editorskit_blocks_typography":"","_editorskit_is_block_options_detached":false,"_editorskit_block_options_position":"{}","inline_featured_image":false},"acf":[],"_links":{"self":[{"href":"https:\/\/preventa.hu\/de\/wp-json\/wp\/v2\/pages\/534"}],"collection":[{"href":"https:\/\/preventa.hu\/de\/wp-json\/wp\/v2\/pages"}],"about":[{"href":"https:\/\/preventa.hu\/de\/wp-json\/wp\/v2\/types\/page"}],"author":[{"embeddable":true,"href":"https:\/\/preventa.hu\/de\/wp-json\/wp\/v2\/users\/1"}],"replies":[{"embeddable":true,"href":"https:\/\/preventa.hu\/de\/wp-json\/wp\/v2\/comments?post=534"}],"version-history":[{"count":1,"href":"https:\/\/preventa.hu\/de\/wp-json\/wp\/v2\/pages\/534\/revisions"}],"predecessor-version":[{"id":619,"href":"https:\/\/preventa.hu\/de\/wp-json\/wp\/v2\/pages\/534\/revisions\/619"}],"up":[{"embeddable":true,"href":"https:\/\/preventa.hu\/de\/wp-json\/wp\/v2\/pages\/521"}],"wp:attachment":[{"href":"https:\/\/preventa.hu\/de\/wp-json\/wp\/v2\/media?parent=534"}],"curies":[{"name":"wp","href":"https:\/\/api.w.org\/{rel}","templated":true}]}}