{"id":521,"date":"2021-11-30T09:34:05","date_gmt":"2021-11-30T08:34:05","guid":{"rendered":"https:\/\/preventa.hu\/?page_id=521"},"modified":"2021-12-14T14:09:53","modified_gmt":"2021-12-14T13:09:53","slug":"uber-preventa","status":"publish","type":"page","link":"https:\/\/preventa.hu\/de\/uber-preventa\/","title":{"rendered":"\u00dcber Preventa"},"content":{"rendered":"\n<p class=\"has-text-align-justify\">Preventa ist die welterste Trinkwasser-Produktfamilie mit vermindertem&nbsp;Deuteriumgehalt, die auf der Grundlage internationaler Patente der HYD GmbH f\u00fcr Krebsforschung und Arzneimittel-Entwicklung entwickelt wurde. Preventa ist die Marke mit der l\u00e4ngsten Geschichte, der h\u00f6chsten Nachfrage und der gr\u00f6\u00dften Zuverl\u00e4ssigkeit in dieser Kategorie und bietet das breiteste Sortiment an&nbsp;deuterium-abgereicherten Trinkwasser.<\/p>\n\n\n\n<p class=\"has-text-align-justify\">Ein weiteres Produkt der Marke Preventa ist das&nbsp;deuterium-abgereicherte Nahrungserg\u00e4nzungsmittel von HYD GmbH, die Preventa Austernpilzkapseln. Dies ist das einzige 100% nat\u00fcrliche Austernpilz-Produkt, das aus Anbau mit Wasser von vermindertem, 85 ppm&nbsp;Deuteriumgehalt&nbsp;stammt.<\/p>\n\n\n\n<p class=\"has-text-align-justify\">Durch Konsum der Preventa-Produkte kann der&nbsp;Deuteriumgehalt&nbsp;des Organismus wirksam gemindert und auf einem niedrigeren Spiegel gehalten werden.<\/p>\n\n\n\n<h2><strong>Preventa Trinkwasser mit vermindertem&nbsp;Deuteriumgehalt<\/strong><\/h2>\n\n\n\n<div class=\"wp-block-image\"><figure class=\"alignright size-medium is-resized\"><a href=\"https:\/\/preventa.hu\/wp-content\/uploads\/2021\/10\/sor_2.jpg\"><img src=\"https:\/\/preventa.hu\/wp-content\/uploads\/2021\/10\/sor_2-300x179.jpg\" alt=\"\" class=\"wp-image-378\" width=\"300\" height=\"179\" srcset=\"https:\/\/preventa.hu\/wp-content\/uploads\/2021\/10\/sor_2-300x179.jpg 300w, https:\/\/preventa.hu\/wp-content\/uploads\/2021\/10\/sor_2-180x108.jpg 180w, https:\/\/preventa.hu\/wp-content\/uploads\/2021\/10\/sor_2-600x358.jpg 600w, https:\/\/preventa.hu\/wp-content\/uploads\/2021\/10\/sor_2-768x459.jpg 768w, https:\/\/preventa.hu\/wp-content\/uploads\/2021\/10\/sor_2.jpg 837w\" sizes=\"(max-width: 300px) 100vw, 300px\" \/><\/a><\/figure><\/div>\n\n\n\n<p class=\"has-text-align-justify\">Die ersten Preventa Trinkwasser-Produkte wurden von der Budapester&nbsp;Veterin\u0101rgesundheits- und Lebensmittelkontrollstation basierend auf dem Gutachten des Fodor J\u00f3zsef Nationalen Zentrums f\u00fcr \u00f6ffentliche Gesundheit des Instituts f\u00fcr Umweltgesundheit, und gest\u00fctzt auf den Beschluss des Nationalen Instituts f\u00fcr Lebensmittel und Ern\u00e4hrung in 1999 zugelassen, bis 2014 wurde die Produktfamilie auf sechs Mitglieder erweitert.<\/p>\n\n\n\n<p class=\"has-text-align-justify\">Die Preventa Trinkwasser enthalten 125, 105, 85, 65, 45 und&nbsp;25&nbsp;ppm*&nbsp;Deuterium,&nbsp;um 15.94% weniger als&nbsp;Oberfl\u0101chengew\u0101sser. Die Zahlen auf den Etiketten der Produkte geben den&nbsp;Deuteriumgehalt&nbsp;des angegebenen Trinkwassers in ppm-Einheiten an. Dementsprechend&nbsp;enth\u00e4lt&nbsp;Preventa 125, 125 ppm, Preventa 105&nbsp;enth\u00e4lt&nbsp;105 ppm und Preventa 85&nbsp;enth\u00e4lt&nbsp;85 ppm Deuterium. Je niedriger der Wert auf dem Etikett ist, desto deutlicher kann durch den Konsum vom Wasser eine Reduzierung des&nbsp;Deuteriumspiegels&nbsp;des K\u00f6rpers erreicht werden. Mit der richtigen Produktauswahl kann der Prozess in unserem Organismus lange aufrechterhalten werden.<\/p>\n\n\n\n<p class=\"has-text-align-justify\">Neben dem&nbsp;deuterium-abgereicherten Wasseranteil enth\u00e4lt Preventa als Zusatzwasser hochwertiges, nat\u00fcrliches Mineralwasser.<\/p>\n\n\n\n<p class=\"has-text-align-justify\">*&nbsp;Der&nbsp;Deuteriumgehalt&nbsp;von&nbsp;Wasser&nbsp;wird&nbsp;in \u201eppm\u201d-Einheiten&nbsp;(parts&nbsp;per&nbsp;million)&nbsp;gemessen,&nbsp;was&nbsp;angibt,&nbsp;wie viele aus einer Million Wassersstoffatomen (H) Deuterium (D),&nbsp;bzw. aus einer Million Wassermolek\u00fclen (H<sub>2<\/sub>O) Schwerwasser (D<sub>2<\/sub>O) sind. Der&nbsp;Deuteriumgehalt&nbsp;von nat\u00fcrlichen Gew\u00e4ssern in Ungarn variiert zwischen 140 - 150 ppm.<\/p>\n\n\n\n<h2><strong>Preventa&nbsp;deuterium-abgereichertes&nbsp;Nahrungserg\u0101nzungsmittel<\/strong><\/h2>\n\n\n\n<div class=\"wp-block-image\"><figure class=\"alignright size-medium is-resized\"><a href=\"https:\/\/preventa.hu\/wp-content\/uploads\/2021\/10\/preventa_laskagomba_kapszula.jpg\"><img src=\"https:\/\/preventa.hu\/wp-content\/uploads\/2021\/10\/preventa_laskagomba_kapszula-178x300.jpg\" alt=\"\" class=\"wp-image-380\" width=\"178\" height=\"300\" srcset=\"https:\/\/preventa.hu\/wp-content\/uploads\/2021\/10\/preventa_laskagomba_kapszula-178x300.jpg 178w, https:\/\/preventa.hu\/wp-content\/uploads\/2021\/10\/preventa_laskagomba_kapszula-180x303.jpg 180w, https:\/\/preventa.hu\/wp-content\/uploads\/2021\/10\/preventa_laskagomba_kapszula-600x1009.jpg 600w, https:\/\/preventa.hu\/wp-content\/uploads\/2021\/10\/preventa_laskagomba_kapszula-609x1024.jpg 609w, https:\/\/preventa.hu\/wp-content\/uploads\/2021\/10\/preventa_laskagomba_kapszula.jpg 660w\" sizes=\"(max-width: 178px) 100vw, 178px\" \/><\/a><\/figure><\/div>\n\n\n\n<p class=\"has-text-align-justify\">Preventa Austernpilzkapseln, das&nbsp;deuterium-abgereicherte Nahrungserg\u00e4nzungsmittel von HYD GmbH (Notifizierungsnummer: 24917\/2020 OGY\u00c9I), ist das einzige 100% nat\u00fcrliche Austernpilz-Produkt, das aus Anbau mit Wasser von vermindertem, 85 ppm&nbsp;Deuteriumgehalt&nbsp;stammt. Die organischen Molek\u00fcle des Pilzmehls enthalten eine niedrigere Menge von Deuterium, so dass dessen Verzehr zur Verminderung des&nbsp;Deuteriumgehalts&nbsp;im K\u00f6rper beitr\u00e4gt.<\/p>\n\n\n\n<p class=\"has-text-align-justify\"><em>Die Lebensmittelprodukte mit verminderten Deuteriumgehalt sind keine Arzneimittel, laut geltender Rechtsvorschriften darf denen keine Heilwirkung zugeschrieben werden.<\/em><\/p>\n","protected":false},"excerpt":{"rendered":"<p>Preventa ist die welterste Trinkwasser-Produktfamilie mit vermindertem&nbsp;Deuteriumgehalt, die auf der Grundlage internationaler Patente der HYD GmbH f\u00fcr Krebsforschung und Arzneimittel-Entwicklung [&hellip;]<\/p>\n","protected":false},"author":1,"featured_media":0,"parent":0,"menu_order":0,"comment_status":"closed","ping_status":"closed","template":"","meta":{"_editorskit_title_hidden":false,"_editorskit_reading_time":2,"_editorskit_typography_data":[],"_editorskit_blocks_typography":"","_editorskit_is_block_options_detached":false,"_editorskit_block_options_position":"{}","inline_featured_image":false},"acf":[],"_links":{"self":[{"href":"https:\/\/preventa.hu\/de\/wp-json\/wp\/v2\/pages\/521"}],"collection":[{"href":"https:\/\/preventa.hu\/de\/wp-json\/wp\/v2\/pages"}],"about":[{"href":"https:\/\/preventa.hu\/de\/wp-json\/wp\/v2\/types\/page"}],"author":[{"embeddable":true,"href":"https:\/\/preventa.hu\/de\/wp-json\/wp\/v2\/users\/1"}],"replies":[{"embeddable":true,"href":"https:\/\/preventa.hu\/de\/wp-json\/wp\/v2\/comments?post=521"}],"version-history":[{"count":1,"href":"https:\/\/preventa.hu\/de\/wp-json\/wp\/v2\/pages\/521\/revisions"}],"predecessor-version":[{"id":1258,"href":"https:\/\/preventa.hu\/de\/wp-json\/wp\/v2\/pages\/521\/revisions\/1258"}],"wp:attachment":[{"href":"https:\/\/preventa.hu\/de\/wp-json\/wp\/v2\/media?parent=521"}],"curies":[{"name":"wp","href":"https:\/\/api.w.org\/{rel}","templated":true}]}}